{"id":137,"date":"2024-03-27T09:49:36","date_gmt":"2024-03-27T09:49:36","guid":{"rendered":"https:\/\/gr\u00fcezi-schwiiz.ch\/?page_id=137"},"modified":"2025-09-06T08:52:27","modified_gmt":"2025-09-06T08:52:27","slug":"location","status":"publish","type":"page","link":"https:\/\/gr\u00fcezi-schwiiz.ch\/?page_id=137","title":{"rendered":"Location"},"content":{"rendered":"<p><a href=\"#DE\"><img loading=\"lazy\" decoding=\"async\" class=\"alignnone wp-image-461\" src=\"https:\/\/gr\u00fcezi-schwiiz.ch\/wp-content\/uploads\/2025\/08\/DE-300x169.jpg\" alt=\"\" width=\"106\" height=\"60\" srcset=\"https:\/\/gr\u00fcezi-schwiiz.ch\/wp-content\/uploads\/2025\/08\/DE-300x169.jpg 300w, https:\/\/gr\u00fcezi-schwiiz.ch\/wp-content\/uploads\/2025\/08\/DE-1024x576.jpg 1024w, https:\/\/gr\u00fcezi-schwiiz.ch\/wp-content\/uploads\/2025\/08\/DE-768x432.jpg 768w, https:\/\/gr\u00fcezi-schwiiz.ch\/wp-content\/uploads\/2025\/08\/DE.jpg 1440w\" sizes=\"auto, (max-width: 106px) 100vw, 106px\" \/><\/a> <a href=\"#EN\"><img loading=\"lazy\" decoding=\"async\" class=\"alignnone wp-image-463\" src=\"https:\/\/gr\u00fcezi-schwiiz.ch\/wp-content\/uploads\/2025\/08\/English-300x180.png\" alt=\"\" width=\"100\" height=\"60\" srcset=\"https:\/\/gr\u00fcezi-schwiiz.ch\/wp-content\/uploads\/2025\/08\/English-300x180.png 300w, https:\/\/gr\u00fcezi-schwiiz.ch\/wp-content\/uploads\/2025\/08\/English.png 315w\" sizes=\"auto, (max-width: 100px) 100vw, 100px\" \/><\/a> <a href=\"#FR\"><img loading=\"lazy\" decoding=\"async\" class=\"alignnone wp-image-464\" src=\"https:\/\/gr\u00fcezi-schwiiz.ch\/wp-content\/uploads\/2025\/08\/FR-300x200.jpeg\" alt=\"\" width=\"90\" height=\"60\" srcset=\"https:\/\/gr\u00fcezi-schwiiz.ch\/wp-content\/uploads\/2025\/08\/FR-300x200.jpeg 300w, https:\/\/gr\u00fcezi-schwiiz.ch\/wp-content\/uploads\/2025\/08\/FR.jpeg 619w\" sizes=\"auto, (max-width: 90px) 100vw, 90px\" \/><\/a><\/p>\n<h2><a name=\"DE\"><\/a>Deutsch<\/h2>\n<p>Der Event findet in der Reithalle des Reitverein Aarau statt.<\/p>\n<p>Adresse: Schwimmbadstrasse 14, 5000 Aarau<\/p>\n<p>Koordinaten:<strong> <span id=\"uxLatLon\">N 47\u00b0 23.420 E 008\u00b0 01.900<\/span><\/strong><\/p>\n<p><img loading=\"lazy\" decoding=\"async\" class=\"wp-image-527 size-large alignleft\" src=\"https:\/\/gr\u00fcezi-schwiiz.ch\/wp-content\/uploads\/2025\/09\/Location-1024x819.jpg\" alt=\"\" width=\"1024\" height=\"819\" srcset=\"https:\/\/gr\u00fcezi-schwiiz.ch\/wp-content\/uploads\/2025\/09\/Location-1024x819.jpg 1024w, https:\/\/gr\u00fcezi-schwiiz.ch\/wp-content\/uploads\/2025\/09\/Location-300x240.jpg 300w, https:\/\/gr\u00fcezi-schwiiz.ch\/wp-content\/uploads\/2025\/09\/Location-768x614.jpg 768w, https:\/\/gr\u00fcezi-schwiiz.ch\/wp-content\/uploads\/2025\/09\/Location-1536x1229.jpg 1536w, https:\/\/gr\u00fcezi-schwiiz.ch\/wp-content\/uploads\/2025\/09\/Location.jpg 1600w\" sizes=\"auto, (max-width: 1024px) 100vw, 1024px\" \/><\/p>\n<p><iframe loading=\"lazy\" style=\"border: 0;\" src=\"https:\/\/www.google.com\/maps\/embed?pb=!1m18!1m12!1m3!1d954.9812116144061!2d8.031748552922618!3d47.39058390461898!2m3!1f0!2f0!3f0!3m2!1i1024!2i768!4f13.1!3m3!1m2!1s0x47903bc3788c53fb%3A0x2e071b308e9b49ac!2sReithalle%20KRV%20Aarau!5e0!3m2!1sde!2sch!4v1711533324252!5m2!1sde!2sch\" width=\"600\" height=\"450\" allowfullscreen=\"allowfullscreen\"><\/iframe><\/p>\n<hr \/>\n<h2><a name=\"EN\"><\/a>English<\/h2>\n<p>The event will take place in the riding hall of the Aarau Horse Riding Club.<\/p>\n<p>Address: Schwimmbadstrasse 14, 5000 Aarau<\/p>\n<p>Coordinates: N 47\u00b0 23.420 E 008\u00b0 01.900<\/p>\n<p><img loading=\"lazy\" decoding=\"async\" class=\"wp-image-527 size-large alignleft\" src=\"https:\/\/gr\u00fcezi-schwiiz.ch\/wp-content\/uploads\/2025\/09\/Location-1024x819.jpg\" alt=\"\" width=\"1024\" height=\"819\" srcset=\"https:\/\/gr\u00fcezi-schwiiz.ch\/wp-content\/uploads\/2025\/09\/Location-1024x819.jpg 1024w, https:\/\/gr\u00fcezi-schwiiz.ch\/wp-content\/uploads\/2025\/09\/Location-300x240.jpg 300w, https:\/\/gr\u00fcezi-schwiiz.ch\/wp-content\/uploads\/2025\/09\/Location-768x614.jpg 768w, https:\/\/gr\u00fcezi-schwiiz.ch\/wp-content\/uploads\/2025\/09\/Location-1536x1229.jpg 1536w, https:\/\/gr\u00fcezi-schwiiz.ch\/wp-content\/uploads\/2025\/09\/Location.jpg 1600w\" sizes=\"auto, (max-width: 1024px) 100vw, 1024px\" \/><\/p>\n<p><iframe loading=\"lazy\" style=\"border: 0;\" src=\"https:\/\/www.google.com\/maps\/embed?pb=!1m18!1m12!1m3!1d954.9812116144061!2d8.031748552922618!3d47.39058390461898!2m3!1f0!2f0!3f0!3m2!1i1024!2i768!4f13.1!3m3!1m2!1s0x47903bc3788c53fb%3A0x2e071b308e9b49ac!2sReithalle%20KRV%20Aarau!5e0!3m2!1sde!2sch!4v1711533324252!5m2!1sde!2sch\" width=\"600\" height=\"450\" allowfullscreen=\"allowfullscreen\"><\/iframe><\/p>\n<p>&nbsp;<\/p>\n<hr \/>\n<h2><a name=\"FR\"><\/a>Fran\u00e7ais<\/h2>\n<p>L&#8217;\u00e9v\u00e9nement aura lieu dans le man\u00e8ge du club hippique d&#8217;Aarau.<\/p>\n<p>Adresse : Schwimmbadstrasse 14, 5000 Aarau<\/p>\n<p>Coordonn\u00e9es : N 47\u00b0 23.420 E 008\u00b0 01.900<\/p>\n<p><img loading=\"lazy\" decoding=\"async\" class=\"wp-image-527 size-large alignleft\" src=\"https:\/\/gr\u00fcezi-schwiiz.ch\/wp-content\/uploads\/2025\/09\/Location-1024x819.jpg\" alt=\"\" width=\"1024\" height=\"819\" srcset=\"https:\/\/gr\u00fcezi-schwiiz.ch\/wp-content\/uploads\/2025\/09\/Location-1024x819.jpg 1024w, https:\/\/gr\u00fcezi-schwiiz.ch\/wp-content\/uploads\/2025\/09\/Location-300x240.jpg 300w, https:\/\/gr\u00fcezi-schwiiz.ch\/wp-content\/uploads\/2025\/09\/Location-768x614.jpg 768w, https:\/\/gr\u00fcezi-schwiiz.ch\/wp-content\/uploads\/2025\/09\/Location-1536x1229.jpg 1536w, https:\/\/gr\u00fcezi-schwiiz.ch\/wp-content\/uploads\/2025\/09\/Location.jpg 1600w\" sizes=\"auto, (max-width: 1024px) 100vw, 1024px\" \/><\/p>\n<p><iframe loading=\"lazy\" style=\"border: 0;\" src=\"https:\/\/www.google.com\/maps\/embed?pb=!1m18!1m12!1m3!1d954.9812116144061!2d8.031748552922618!3d47.39058390461898!2m3!1f0!2f0!3f0!3m2!1i1024!2i768!4f13.1!3m3!1m2!1s0x47903bc3788c53fb%3A0x2e071b308e9b49ac!2sReithalle%20KRV%20Aarau!5e0!3m2!1sde!2sch!4v1711533324252!5m2!1sde!2sch\" width=\"600\" height=\"450\" allowfullscreen=\"allowfullscreen\"><\/iframe><\/p>\n","protected":false},"excerpt":{"rendered":"<p>Deutsch Der Event findet in der Reithalle des Reitverein Aarau statt. Adresse: Schwimmbadstrasse 14, 5000 Aarau Koordinaten: N 47\u00b0 23.420 E 008\u00b0 01.900 English The event will take place in the riding hall of the Aarau Horse Riding Club. Address: Schwimmbadstrasse 14, 5000 Aarau Coordinates: N 47\u00b0 23.420 E 008\u00b0 01.900 &nbsp; Fran\u00e7ais L&#8217;\u00e9v\u00e9nement aura [&hellip;]<\/p>\n","protected":false},"author":1,"featured_media":0,"parent":83,"menu_order":0,"comment_status":"closed","ping_status":"closed","template":"","meta":{"footnotes":""},"class_list":["post-137","page","type-page","status-publish","hentry"],"_links":{"self":[{"href":"https:\/\/gr\u00fcezi-schwiiz.ch\/index.php?rest_route=\/wp\/v2\/pages\/137","targetHints":{"allow":["GET"]}}],"collection":[{"href":"https:\/\/gr\u00fcezi-schwiiz.ch\/index.php?rest_route=\/wp\/v2\/pages"}],"about":[{"href":"https:\/\/gr\u00fcezi-schwiiz.ch\/index.php?rest_route=\/wp\/v2\/types\/page"}],"author":[{"embeddable":true,"href":"https:\/\/gr\u00fcezi-schwiiz.ch\/index.php?rest_route=\/wp\/v2\/users\/1"}],"replies":[{"embeddable":true,"href":"https:\/\/gr\u00fcezi-schwiiz.ch\/index.php?rest_route=%2Fwp%2Fv2%2Fcomments&post=137"}],"version-history":[{"count":22,"href":"https:\/\/gr\u00fcezi-schwiiz.ch\/index.php?rest_route=\/wp\/v2\/pages\/137\/revisions"}],"predecessor-version":[{"id":531,"href":"https:\/\/gr\u00fcezi-schwiiz.ch\/index.php?rest_route=\/wp\/v2\/pages\/137\/revisions\/531"}],"up":[{"embeddable":true,"href":"https:\/\/gr\u00fcezi-schwiiz.ch\/index.php?rest_route=\/wp\/v2\/pages\/83"}],"wp:attachment":[{"href":"https:\/\/gr\u00fcezi-schwiiz.ch\/index.php?rest_route=%2Fwp%2Fv2%2Fmedia&parent=137"}],"curies":[{"name":"wp","href":"https:\/\/api.w.org\/{rel}","templated":true}]}}