{"id":59,"date":"2024-03-18T10:58:20","date_gmt":"2024-03-18T10:58:20","guid":{"rendered":"https:\/\/gr\u00fcezi-schwiiz.ch\/?page_id=59"},"modified":"2025-09-06T20:07:13","modified_gmt":"2025-09-06T20:07:13","slug":"ueber-uns","status":"publish","type":"page","link":"https:\/\/gr\u00fcezi-schwiiz.ch\/?page_id=59","title":{"rendered":"\u00dcber uns"},"content":{"rendered":"<p><a href=\"#DE\"><img loading=\"lazy\" decoding=\"async\" class=\"alignnone wp-image-461 aligncenter\" src=\"https:\/\/gr\u00fcezi-schwiiz.ch\/wp-content\/uploads\/2025\/08\/DE-300x169.jpg\" alt=\"\" width=\"106\" height=\"60\" srcset=\"https:\/\/gr\u00fcezi-schwiiz.ch\/wp-content\/uploads\/2025\/08\/DE-300x169.jpg 300w, https:\/\/gr\u00fcezi-schwiiz.ch\/wp-content\/uploads\/2025\/08\/DE-1024x576.jpg 1024w, https:\/\/gr\u00fcezi-schwiiz.ch\/wp-content\/uploads\/2025\/08\/DE-768x432.jpg 768w, https:\/\/gr\u00fcezi-schwiiz.ch\/wp-content\/uploads\/2025\/08\/DE.jpg 1440w\" sizes=\"auto, (max-width: 106px) 100vw, 106px\" \/><\/a> <a href=\"#EN\"><img loading=\"lazy\" decoding=\"async\" class=\"alignnone wp-image-463\" src=\"https:\/\/gr\u00fcezi-schwiiz.ch\/wp-content\/uploads\/2025\/08\/English-300x180.png\" alt=\"\" width=\"100\" height=\"60\" srcset=\"https:\/\/gr\u00fcezi-schwiiz.ch\/wp-content\/uploads\/2025\/08\/English-300x180.png 300w, https:\/\/gr\u00fcezi-schwiiz.ch\/wp-content\/uploads\/2025\/08\/English.png 315w\" sizes=\"auto, (max-width: 100px) 100vw, 100px\" \/><\/a> <a href=\"#FR\"><img loading=\"lazy\" decoding=\"async\" class=\"alignnone wp-image-464\" src=\"https:\/\/gr\u00fcezi-schwiiz.ch\/wp-content\/uploads\/2025\/08\/FR-300x200.jpeg\" alt=\"\" width=\"90\" height=\"60\" srcset=\"https:\/\/gr\u00fcezi-schwiiz.ch\/wp-content\/uploads\/2025\/08\/FR-300x200.jpeg 300w, https:\/\/gr\u00fcezi-schwiiz.ch\/wp-content\/uploads\/2025\/08\/FR.jpeg 619w\" sizes=\"auto, (max-width: 90px) 100vw, 90px\" \/><\/a><\/p>\n<h2 style=\"text-align: center;\"><a name=\"DE\"><\/a>Deutsch<\/h2>\n<h1 style=\"text-align: center;\">\u00dcber uns<\/h1>\n<p style=\"text-align: center;\"><strong>\u00a0<\/strong><img loading=\"lazy\" decoding=\"async\" class=\"wp-image-290 size-full aligncenter\" src=\"https:\/\/gr\u00fcezi-schwiiz.ch\/wp-content\/uploads\/2024\/07\/GCNWCH.png\" alt=\"\" width=\"520\" height=\"521\" srcset=\"https:\/\/gr\u00fcezi-schwiiz.ch\/wp-content\/uploads\/2024\/07\/GCNWCH.png 520w, https:\/\/gr\u00fcezi-schwiiz.ch\/wp-content\/uploads\/2024\/07\/GCNWCH-300x300.png 300w, https:\/\/gr\u00fcezi-schwiiz.ch\/wp-content\/uploads\/2024\/07\/GCNWCH-150x150.png 150w\" sizes=\"auto, (max-width: 520px) 100vw, 520px\" \/><\/p>\n<p style=\"text-align: center;\"><a href=\"https:\/\/www.geocaching.com\/p\/?u=GCNordwestschweiz\" target=\"_blank\" rel=\"noopener\"><img decoding=\"async\" class=\"aligncenter\" src=\"https:\/\/img.geocaching.com\/stats\/img.aspx?txt=Let's Go Geocaching!&amp;uid=f9d28ea2-79f2-4e6d-a4df-4dc0748bf75e&amp;bg=1\" alt=\"Profile for GCNordwestschweiz\" \/><\/a><\/p>\n<p style=\"text-align: center;\">Der Verein GC Nordwestschweiz<br \/>\nwurde am 06.08.2023 gegr\u00fcndet.<\/p>\n<p style=\"text-align: center;\">Der Verein bezweckt:<\/p>\n<p style=\"text-align: center;\">Die Pflege und F\u00f6rderung des Geocaching<\/p>\n<p style=\"text-align: center;\">Die Heranbildung und Motivation des Nachwuchses<\/p>\n<p style=\"text-align: center;\">Die Erhaltung einer guten Kameradschaft<\/p>\n<p style=\"text-align: center;\">Die Belebung des kulturellen und gesellschaftlichen Lebens<\/p>\n<p>&nbsp;<\/p>\n<p style=\"text-align: center;\"><strong>Das Team<\/strong><\/p>\n<p style=\"text-align: center;\"><img loading=\"lazy\" decoding=\"async\" class=\"wp-image-392 size-large aligncenter\" src=\"https:\/\/gr\u00fcezi-schwiiz.ch\/wp-content\/uploads\/2025\/01\/DasTeam-1024x688.png\" alt=\"\" width=\"1024\" height=\"688\" srcset=\"https:\/\/gr\u00fcezi-schwiiz.ch\/wp-content\/uploads\/2025\/01\/DasTeam-1024x688.png 1024w, https:\/\/gr\u00fcezi-schwiiz.ch\/wp-content\/uploads\/2025\/01\/DasTeam-300x202.png 300w, https:\/\/gr\u00fcezi-schwiiz.ch\/wp-content\/uploads\/2025\/01\/DasTeam-768x516.png 768w, https:\/\/gr\u00fcezi-schwiiz.ch\/wp-content\/uploads\/2025\/01\/DasTeam.png 1277w\" sizes=\"auto, (max-width: 1024px) 100vw, 1024px\" \/><\/p>\n<p style=\"text-align: center;\">Das gr\u00fcezi sCHwiiz Team besteht aus:<\/p>\n<p>&nbsp;<\/p>\n<p style=\"text-align: center;\"><a href=\"https:\/\/www.geocaching.com\/p\/?u=3Mosqueteiros\" target=\"_blank\" rel=\"noopener\"><img decoding=\"async\" class=\"aligncenter\" src=\"https:\/\/img.geocaching.com\/stats\/img.aspx?txt=Let's Go Geocaching!&amp;uid=c8c1cc97-d1fa-41b0-8879-c632a6c0d509&amp;bg=1\" alt=\"Profile for 3Mosqueteiros\" \/><\/a><\/p>\n<p style=\"text-align: center;\"><a href=\"https:\/\/www.geocaching.com\/p\/?u=chose80\" target=\"_blank\" rel=\"noopener\"><img decoding=\"async\" class=\"aligncenter\" src=\"https:\/\/img.geocaching.com\/stats\/img.aspx?txt=Let's Go Geocaching!&amp;uid=d2c5c916-1fa6-41f9-a983-c6be0eb3d773&amp;bg=1\" alt=\"Profile for chose80\" \/><\/a><\/p>\n<p style=\"text-align: center;\"><a href=\"https:\/\/www.geocaching.com\/p\/?u=Jack Dalton\" target=\"_blank\" rel=\"noopener\"><img decoding=\"async\" class=\"aligncenter\" src=\"https:\/\/img.geocaching.com\/stats\/img.aspx?txt=Let's Go Geocaching!&amp;uid=12ac3a5b-57c8-448c-aaed-2e7beefa2ff7&amp;bg=1\" alt=\"Profile for Jack Dalton\" \/><\/a><\/p>\n<p style=\"text-align: center;\"><a href=\"https:\/\/www.geocaching.com\/p\/?u=fastoa\" target=\"_blank\" rel=\"noopener\"><img decoding=\"async\" class=\"aligncenter\" src=\"https:\/\/img.geocaching.com\/stats\/img.aspx?txt=Let's Go Geocaching!&amp;uid=75e1979c-fe92-489e-90ef-174336538d04&amp;bg=1\" alt=\"Profile for fastoa\" \/><\/a><\/p>\n<p style=\"text-align: center;\"><a href=\"https:\/\/www.geocaching.com\/p\/?u=Meinisu\" target=\"_blank\" rel=\"noopener\"><img decoding=\"async\" class=\"aligncenter\" src=\"https:\/\/img.geocaching.com\/stats\/img.aspx?txt=Let's Go Geocaching!&amp;uid=bac75c1c-3c4e-41fe-82a4-1d8fc7043e59&amp;bg=1\" alt=\"Profile for Meinisu\" \/><\/a><\/p>\n<p style=\"text-align: center;\"><a href=\"https:\/\/www.geocaching.com\/p\/?u=tenavat\" target=\"_blank\" rel=\"noopener\"><img decoding=\"async\" class=\"aligncenter\" src=\"https:\/\/img.geocaching.com\/stats\/img.aspx?txt=Let's Go Geocaching!&amp;uid=a78b4063-cf70-4cbf-a103-2796d297f729&amp;bg=1\" alt=\"Profile for tenavat\" \/><\/a><\/p>\n<hr \/>\n<h2 style=\"text-align: center;\"><a name=\"EN\"><\/a>English<\/h2>\n<p style=\"text-align: center;\"><strong><span style=\"font-size: 32px;\">About us<\/span>\u00a0<\/strong><\/p>\n<p style=\"text-align: center;\"><img loading=\"lazy\" decoding=\"async\" class=\"wp-image-290 size-full aligncenter\" src=\"https:\/\/gr\u00fcezi-schwiiz.ch\/wp-content\/uploads\/2024\/07\/GCNWCH.png\" alt=\"\" width=\"520\" height=\"521\" srcset=\"https:\/\/gr\u00fcezi-schwiiz.ch\/wp-content\/uploads\/2024\/07\/GCNWCH.png 520w, https:\/\/gr\u00fcezi-schwiiz.ch\/wp-content\/uploads\/2024\/07\/GCNWCH-300x300.png 300w, https:\/\/gr\u00fcezi-schwiiz.ch\/wp-content\/uploads\/2024\/07\/GCNWCH-150x150.png 150w\" sizes=\"auto, (max-width: 520px) 100vw, 520px\" \/><\/p>\n<p style=\"text-align: center;\"><a href=\"https:\/\/www.geocaching.com\/p\/?u=GCNordwestschweiz\" target=\"_blank\" rel=\"noopener\"><img decoding=\"async\" class=\"aligncenter\" src=\"https:\/\/img.geocaching.com\/stats\/img.aspx?txt=Let's Go Geocaching!&amp;uid=f9d28ea2-79f2-4e6d-a4df-4dc0748bf75e&amp;bg=1\" alt=\"Profile for GCNordwestschweiz\" \/><\/a><\/p>\n<p style=\"text-align: center;\">The GC Northwest Switzerland Association<br \/>\nwas founded on August 6, 2023.<\/p>\n<p style=\"text-align: center;\">The association\u2019s objectives are:<\/p>\n<p style=\"text-align: center;\">To cultivate and promote geocaching<\/p>\n<p style=\"text-align: center;\">To train and motivate young talent<\/p>\n<p style=\"text-align: center;\">To maintain good camaraderie<\/p>\n<p style=\"text-align: center;\">To invigorate cultural and social life<\/p>\n<p>&nbsp;<\/p>\n<p style=\"text-align: center;\"><strong>The Team<\/strong><\/p>\n<p style=\"text-align: center;\"><img loading=\"lazy\" decoding=\"async\" class=\"wp-image-392 size-large aligncenter\" src=\"https:\/\/gr\u00fcezi-schwiiz.ch\/wp-content\/uploads\/2025\/01\/DasTeam-1024x688.png\" alt=\"\" width=\"1024\" height=\"688\" srcset=\"https:\/\/gr\u00fcezi-schwiiz.ch\/wp-content\/uploads\/2025\/01\/DasTeam-1024x688.png 1024w, https:\/\/gr\u00fcezi-schwiiz.ch\/wp-content\/uploads\/2025\/01\/DasTeam-300x202.png 300w, https:\/\/gr\u00fcezi-schwiiz.ch\/wp-content\/uploads\/2025\/01\/DasTeam-768x516.png 768w, https:\/\/gr\u00fcezi-schwiiz.ch\/wp-content\/uploads\/2025\/01\/DasTeam.png 1277w\" sizes=\"auto, (max-width: 1024px) 100vw, 1024px\" \/><\/p>\n<p style=\"text-align: center;\">The gr\u00fcezi sCHwiiz team consists of:<\/p>\n<p>&nbsp;<\/p>\n<p style=\"text-align: center;\"><a href=\"https:\/\/www.geocaching.com\/p\/?u=3Mosqueteiros\" target=\"_blank\" rel=\"noopener\"><img decoding=\"async\" class=\"aligncenter\" src=\"https:\/\/img.geocaching.com\/stats\/img.aspx?txt=Let's Go Geocaching!&amp;uid=c8c1cc97-d1fa-41b0-8879-c632a6c0d509&amp;bg=1\" alt=\"Profile for 3Mosqueteiros\" \/><\/a><\/p>\n<p style=\"text-align: center;\"><a href=\"https:\/\/www.geocaching.com\/p\/?u=chose80\" target=\"_blank\" rel=\"noopener\"><img decoding=\"async\" class=\"aligncenter\" src=\"https:\/\/img.geocaching.com\/stats\/img.aspx?txt=Let's Go Geocaching!&amp;uid=d2c5c916-1fa6-41f9-a983-c6be0eb3d773&amp;bg=1\" alt=\"Profile for chose80\" \/><\/a><\/p>\n<p style=\"text-align: center;\"><a href=\"https:\/\/www.geocaching.com\/p\/?u=Jack Dalton\" target=\"_blank\" rel=\"noopener\"><img decoding=\"async\" class=\"aligncenter\" src=\"https:\/\/img.geocaching.com\/stats\/img.aspx?txt=Let's Go Geocaching!&amp;uid=12ac3a5b-57c8-448c-aaed-2e7beefa2ff7&amp;bg=1\" alt=\"Profile for Jack Dalton\" \/><\/a><\/p>\n<p style=\"text-align: center;\"><a href=\"https:\/\/www.geocaching.com\/p\/?u=fastoa\" target=\"_blank\" rel=\"noopener\"><img decoding=\"async\" class=\"aligncenter\" src=\"https:\/\/img.geocaching.com\/stats\/img.aspx?txt=Let's Go Geocaching!&amp;uid=75e1979c-fe92-489e-90ef-174336538d04&amp;bg=1\" alt=\"Profile for fastoa\" \/><\/a><\/p>\n<p style=\"text-align: center;\"><a href=\"https:\/\/www.geocaching.com\/p\/?u=Meinisu\" target=\"_blank\" rel=\"noopener\"><img decoding=\"async\" class=\"aligncenter\" src=\"https:\/\/img.geocaching.com\/stats\/img.aspx?txt=Let's Go Geocaching!&amp;uid=bac75c1c-3c4e-41fe-82a4-1d8fc7043e59&amp;bg=1\" alt=\"Profile for Meinisu\" \/><\/a><\/p>\n<p style=\"text-align: center;\"><a href=\"https:\/\/www.geocaching.com\/p\/?u=tenavat\" target=\"_blank\" rel=\"noopener\"><img decoding=\"async\" src=\"https:\/\/img.geocaching.com\/stats\/img.aspx?txt=Let's Go Geocaching!&amp;uid=a78b4063-cf70-4cbf-a103-2796d297f729&amp;bg=1\" alt=\"Profile for tenavat\" \/><\/a><\/p>\n<hr \/>\n<h2 style=\"text-align: center;\"><a name=\"FR\"><\/a>Fran\u00e7ais<\/h2>\n<p style=\"text-align: center;\"><strong><span style=\"font-size: 32px;\">\u00c0 propos de nous<\/span><\/strong><\/p>\n<p style=\"text-align: center;\"><img loading=\"lazy\" decoding=\"async\" class=\"wp-image-290 size-full aligncenter\" src=\"https:\/\/gr\u00fcezi-schwiiz.ch\/wp-content\/uploads\/2024\/07\/GCNWCH.png\" alt=\"\" width=\"520\" height=\"521\" srcset=\"https:\/\/gr\u00fcezi-schwiiz.ch\/wp-content\/uploads\/2024\/07\/GCNWCH.png 520w, https:\/\/gr\u00fcezi-schwiiz.ch\/wp-content\/uploads\/2024\/07\/GCNWCH-300x300.png 300w, https:\/\/gr\u00fcezi-schwiiz.ch\/wp-content\/uploads\/2024\/07\/GCNWCH-150x150.png 150w\" sizes=\"auto, (max-width: 520px) 100vw, 520px\" \/><\/p>\n<p style=\"text-align: center;\"><a href=\"https:\/\/www.geocaching.com\/p\/?u=GCNordwestschweiz\" target=\"_blank\" rel=\"noopener\"><img decoding=\"async\" class=\"aligncenter\" src=\"https:\/\/img.geocaching.com\/stats\/img.aspx?txt=Let's Go Geocaching!&amp;uid=f9d28ea2-79f2-4e6d-a4df-4dc0748bf75e&amp;bg=1\" alt=\"Profile for GCNordwestschweiz\" \/><\/a><\/p>\n<p style=\"text-align: center;\">L\u2019association GC Nordwestschweiz<br \/>\na \u00e9t\u00e9 fond\u00e9e le 06\/08\/2023.<\/p>\n<p style=\"text-align: center;\">L\u2019association a pour objectif :<\/p>\n<p style=\"text-align: center;\">La promotion et le d\u00e9veloppement du g\u00e9ocaching.<\/p>\n<p style=\"text-align: center;\">La formation et la motivation de la rel\u00e8ve.<\/p>\n<p style=\"text-align: center;\">Le maintien d\u2019une bonne camaraderie.<\/p>\n<p style=\"text-align: center;\">La dynamisation de la vie culturelle et sociale.<\/p>\n<p>&nbsp;<\/p>\n<p style=\"text-align: center;\"><strong>L&#8217;\u00e9quipe<\/strong><\/p>\n<p style=\"text-align: center;\"><img loading=\"lazy\" decoding=\"async\" class=\"wp-image-392 size-large aligncenter\" src=\"https:\/\/gr\u00fcezi-schwiiz.ch\/wp-content\/uploads\/2025\/01\/DasTeam-1024x688.png\" alt=\"\" width=\"1024\" height=\"688\" srcset=\"https:\/\/gr\u00fcezi-schwiiz.ch\/wp-content\/uploads\/2025\/01\/DasTeam-1024x688.png 1024w, https:\/\/gr\u00fcezi-schwiiz.ch\/wp-content\/uploads\/2025\/01\/DasTeam-300x202.png 300w, https:\/\/gr\u00fcezi-schwiiz.ch\/wp-content\/uploads\/2025\/01\/DasTeam-768x516.png 768w, https:\/\/gr\u00fcezi-schwiiz.ch\/wp-content\/uploads\/2025\/01\/DasTeam.png 1277w\" sizes=\"auto, (max-width: 1024px) 100vw, 1024px\" \/><\/p>\n<p style=\"text-align: center;\">L&#8217;\u00e9quipe gr\u00fcezi sCHwiiz est compos\u00e9e de :<\/p>\n<p>&nbsp;<\/p>\n<p style=\"text-align: center;\"><a href=\"https:\/\/www.geocaching.com\/p\/?u=3Mosqueteiros\" target=\"_blank\" rel=\"noopener\"><img decoding=\"async\" class=\"aligncenter\" src=\"https:\/\/img.geocaching.com\/stats\/img.aspx?txt=Let's Go Geocaching!&amp;uid=c8c1cc97-d1fa-41b0-8879-c632a6c0d509&amp;bg=1\" alt=\"Profile for 3Mosqueteiros\" \/><\/a><\/p>\n<p style=\"text-align: center;\"><a href=\"https:\/\/www.geocaching.com\/p\/?u=chose80\" target=\"_blank\" rel=\"noopener\"><img decoding=\"async\" class=\"aligncenter\" src=\"https:\/\/img.geocaching.com\/stats\/img.aspx?txt=Let's Go Geocaching!&amp;uid=d2c5c916-1fa6-41f9-a983-c6be0eb3d773&amp;bg=1\" alt=\"Profile for chose80\" \/><\/a><\/p>\n<p style=\"text-align: center;\"><a href=\"https:\/\/www.geocaching.com\/p\/?u=Jack Dalton\" target=\"_blank\" rel=\"noopener\"><img decoding=\"async\" class=\"aligncenter\" src=\"https:\/\/img.geocaching.com\/stats\/img.aspx?txt=Let's Go Geocaching!&amp;uid=12ac3a5b-57c8-448c-aaed-2e7beefa2ff7&amp;bg=1\" alt=\"Profile for Jack Dalton\" \/><\/a><\/p>\n<p style=\"text-align: center;\"><a href=\"https:\/\/www.geocaching.com\/p\/?u=fastoa\" target=\"_blank\" rel=\"noopener\"><img decoding=\"async\" class=\"aligncenter\" src=\"https:\/\/img.geocaching.com\/stats\/img.aspx?txt=Let's Go Geocaching!&amp;uid=75e1979c-fe92-489e-90ef-174336538d04&amp;bg=1\" alt=\"Profile for fastoa\" \/><\/a><\/p>\n<p style=\"text-align: center;\"><a href=\"https:\/\/www.geocaching.com\/p\/?u=Meinisu\" target=\"_blank\" rel=\"noopener\"><img decoding=\"async\" class=\"aligncenter\" src=\"https:\/\/img.geocaching.com\/stats\/img.aspx?txt=Let's Go Geocaching!&amp;uid=bac75c1c-3c4e-41fe-82a4-1d8fc7043e59&amp;bg=1\" alt=\"Profile for Meinisu\" \/><\/a><\/p>\n<p style=\"text-align: center;\"><a href=\"https:\/\/www.geocaching.com\/p\/?u=tenavat\" target=\"_blank\" rel=\"noopener\"><img decoding=\"async\" class=\"aligncenter\" src=\"https:\/\/img.geocaching.com\/stats\/img.aspx?txt=Let's Go Geocaching!&amp;uid=a78b4063-cf70-4cbf-a103-2796d297f729&amp;bg=1\" alt=\"Profile for tenavat\" \/><\/a><\/p>\n","protected":false},"excerpt":{"rendered":"<p>Deutsch \u00dcber uns \u00a0 Der Verein GC Nordwestschweiz wurde am 06.08.2023 gegr\u00fcndet. Der Verein bezweckt: Die Pflege und F\u00f6rderung des Geocaching Die Heranbildung und Motivation des Nachwuchses Die Erhaltung einer guten Kameradschaft Die Belebung des kulturellen und gesellschaftlichen Lebens &nbsp; Das Team Das gr\u00fcezi sCHwiiz Team besteht aus: &nbsp; English About us\u00a0 The GC Northwest [&hellip;]<\/p>\n","protected":false},"author":1,"featured_media":0,"parent":0,"menu_order":0,"comment_status":"closed","ping_status":"closed","template":"","meta":{"footnotes":""},"class_list":["post-59","page","type-page","status-publish","hentry"],"_links":{"self":[{"href":"https:\/\/gr\u00fcezi-schwiiz.ch\/index.php?rest_route=\/wp\/v2\/pages\/59","targetHints":{"allow":["GET"]}}],"collection":[{"href":"https:\/\/gr\u00fcezi-schwiiz.ch\/index.php?rest_route=\/wp\/v2\/pages"}],"about":[{"href":"https:\/\/gr\u00fcezi-schwiiz.ch\/index.php?rest_route=\/wp\/v2\/types\/page"}],"author":[{"embeddable":true,"href":"https:\/\/gr\u00fcezi-schwiiz.ch\/index.php?rest_route=\/wp\/v2\/users\/1"}],"replies":[{"embeddable":true,"href":"https:\/\/gr\u00fcezi-schwiiz.ch\/index.php?rest_route=%2Fwp%2Fv2%2Fcomments&post=59"}],"version-history":[{"count":72,"href":"https:\/\/gr\u00fcezi-schwiiz.ch\/index.php?rest_route=\/wp\/v2\/pages\/59\/revisions"}],"predecessor-version":[{"id":555,"href":"https:\/\/gr\u00fcezi-schwiiz.ch\/index.php?rest_route=\/wp\/v2\/pages\/59\/revisions\/555"}],"wp:attachment":[{"href":"https:\/\/gr\u00fcezi-schwiiz.ch\/index.php?rest_route=%2Fwp%2Fv2%2Fmedia&parent=59"}],"curies":[{"name":"wp","href":"https:\/\/api.w.org\/{rel}","templated":true}]}}