{"id":81,"date":"2024-03-18T12:28:26","date_gmt":"2024-03-18T12:28:26","guid":{"rendered":"https:\/\/gr\u00fcezi-schwiiz.ch\/?page_id=81"},"modified":"2025-09-06T20:01:32","modified_gmt":"2025-09-06T20:01:32","slug":"gc-nordwestschweiz","status":"publish","type":"page","link":"https:\/\/gr\u00fcezi-schwiiz.ch\/?page_id=81","title":{"rendered":"GC Nordwestschweiz"},"content":{"rendered":"<p><a href=\"#DE\"><img loading=\"lazy\" decoding=\"async\" class=\"alignnone wp-image-461 aligncenter\" src=\"https:\/\/gr\u00fcezi-schwiiz.ch\/wp-content\/uploads\/2025\/08\/DE-300x169.jpg\" alt=\"\" width=\"106\" height=\"60\" srcset=\"https:\/\/gr\u00fcezi-schwiiz.ch\/wp-content\/uploads\/2025\/08\/DE-300x169.jpg 300w, https:\/\/gr\u00fcezi-schwiiz.ch\/wp-content\/uploads\/2025\/08\/DE-1024x576.jpg 1024w, https:\/\/gr\u00fcezi-schwiiz.ch\/wp-content\/uploads\/2025\/08\/DE-768x432.jpg 768w, https:\/\/gr\u00fcezi-schwiiz.ch\/wp-content\/uploads\/2025\/08\/DE.jpg 1440w\" sizes=\"auto, (max-width: 106px) 100vw, 106px\" \/><\/a> <a href=\"#EN\"><img loading=\"lazy\" decoding=\"async\" class=\"alignnone wp-image-463\" src=\"https:\/\/gr\u00fcezi-schwiiz.ch\/wp-content\/uploads\/2025\/08\/English-300x180.png\" alt=\"\" width=\"100\" height=\"60\" srcset=\"https:\/\/gr\u00fcezi-schwiiz.ch\/wp-content\/uploads\/2025\/08\/English-300x180.png 300w, https:\/\/gr\u00fcezi-schwiiz.ch\/wp-content\/uploads\/2025\/08\/English.png 315w\" sizes=\"auto, (max-width: 100px) 100vw, 100px\" \/><\/a> <a href=\"#FR\"><img loading=\"lazy\" decoding=\"async\" class=\"alignnone wp-image-464\" src=\"https:\/\/gr\u00fcezi-schwiiz.ch\/wp-content\/uploads\/2025\/08\/FR-300x200.jpeg\" alt=\"\" width=\"90\" height=\"60\" srcset=\"https:\/\/gr\u00fcezi-schwiiz.ch\/wp-content\/uploads\/2025\/08\/FR-300x200.jpeg 300w, https:\/\/gr\u00fcezi-schwiiz.ch\/wp-content\/uploads\/2025\/08\/FR.jpeg 619w\" sizes=\"auto, (max-width: 90px) 100vw, 90px\" \/><\/a><\/p>\n<h2 style=\"text-align: center;\"><a name=\"DE\"><\/a>Deutsch<\/h2>\n<h1 style=\"text-align: center;\"><strong>\u00a0GC Nordwestschweiz<\/strong><\/h1>\n<p style=\"text-align: center;\"><img loading=\"lazy\" decoding=\"async\" class=\"wp-image-290 size-full aligncenter\" src=\"https:\/\/gr\u00fcezi-schwiiz.ch\/wp-content\/uploads\/2024\/07\/GCNWCH.png\" alt=\"\" width=\"520\" height=\"521\" srcset=\"https:\/\/gr\u00fcezi-schwiiz.ch\/wp-content\/uploads\/2024\/07\/GCNWCH.png 520w, https:\/\/gr\u00fcezi-schwiiz.ch\/wp-content\/uploads\/2024\/07\/GCNWCH-300x300.png 300w, https:\/\/gr\u00fcezi-schwiiz.ch\/wp-content\/uploads\/2024\/07\/GCNWCH-150x150.png 150w\" sizes=\"auto, (max-width: 520px) 100vw, 520px\" \/><\/p>\n<p style=\"text-align: center;\">Der Verein GC Nordwestschweiz<br \/>\nwurde am 06.08.2023 gegr\u00fcndet.<\/p>\n<p style=\"text-align: center;\">Der Verein bezweckt:<\/p>\n<p style=\"text-align: center;\">Die Pflege und F\u00f6rderung des Geocaching<\/p>\n<p style=\"text-align: center;\">Die Heranbildung und Motivation des Nachwuchses<\/p>\n<p style=\"text-align: center;\">Die Erhaltung einer guten Kameradschaft<\/p>\n<p style=\"text-align: center;\">Die Belebung des kulturellen und gesellschaftlichen Lebens<\/p>\n<h2 style=\"text-align: center;\"><a name=\"EN\"><\/a>English<\/h2>\n<h1 style=\"text-align: center;\"><strong>\u00a0GC Nordwestschweiz<\/strong><\/h1>\n<p style=\"text-align: center;\"><img loading=\"lazy\" decoding=\"async\" class=\"wp-image-290 size-full aligncenter\" src=\"https:\/\/gr\u00fcezi-schwiiz.ch\/wp-content\/uploads\/2024\/07\/GCNWCH.png\" alt=\"\" width=\"520\" height=\"521\" srcset=\"https:\/\/gr\u00fcezi-schwiiz.ch\/wp-content\/uploads\/2024\/07\/GCNWCH.png 520w, https:\/\/gr\u00fcezi-schwiiz.ch\/wp-content\/uploads\/2024\/07\/GCNWCH-300x300.png 300w, https:\/\/gr\u00fcezi-schwiiz.ch\/wp-content\/uploads\/2024\/07\/GCNWCH-150x150.png 150w\" sizes=\"auto, (max-width: 520px) 100vw, 520px\" \/><\/p>\n<p style=\"text-align: center;\"><a href=\"https:\/\/www.geocaching.com\/p\/?u=GCNordwestschweiz\" target=\"_blank\" rel=\"noopener\"><img decoding=\"async\" class=\"aligncenter\" src=\"https:\/\/img.geocaching.com\/stats\/img.aspx?txt=Let's Go Geocaching!&amp;uid=f9d28ea2-79f2-4e6d-a4df-4dc0748bf75e&amp;bg=1\" alt=\"Profile for GCNordwestschweiz\" \/><\/a><\/p>\n<p style=\"text-align: center;\">The GC Northwest Switzerland Association<br \/>\nwas founded on August 6, 2023.<\/p>\n<p style=\"text-align: center;\">The association&#8217;s objectives are:<\/p>\n<p style=\"text-align: center;\">To cultivate and promote geocaching<\/p>\n<p style=\"text-align: center;\">To train and motivate young talent<\/p>\n<p style=\"text-align: center;\">To maintain good camaraderie<\/p>\n<p style=\"text-align: center;\">To invigorate cultural and social life<\/p>\n<h2 style=\"text-align: center;\"><a name=\"FR\"><\/a>Fran\u00e7ais<\/h2>\n<h1 style=\"text-align: center;\"><strong>\u00a0GC Nordwestschweiz<\/strong><\/h1>\n<p style=\"text-align: center;\"><img loading=\"lazy\" decoding=\"async\" class=\"wp-image-290 size-full aligncenter\" src=\"https:\/\/gr\u00fcezi-schwiiz.ch\/wp-content\/uploads\/2024\/07\/GCNWCH.png\" alt=\"\" width=\"520\" height=\"521\" srcset=\"https:\/\/gr\u00fcezi-schwiiz.ch\/wp-content\/uploads\/2024\/07\/GCNWCH.png 520w, https:\/\/gr\u00fcezi-schwiiz.ch\/wp-content\/uploads\/2024\/07\/GCNWCH-300x300.png 300w, https:\/\/gr\u00fcezi-schwiiz.ch\/wp-content\/uploads\/2024\/07\/GCNWCH-150x150.png 150w\" sizes=\"auto, (max-width: 520px) 100vw, 520px\" \/><\/p>\n<p style=\"text-align: center;\"><a href=\"https:\/\/www.geocaching.com\/p\/?u=GCNordwestschweiz\" target=\"_blank\" rel=\"noopener\"><img decoding=\"async\" class=\"aligncenter\" src=\"https:\/\/img.geocaching.com\/stats\/img.aspx?txt=Let's Go Geocaching!&amp;uid=f9d28ea2-79f2-4e6d-a4df-4dc0748bf75e&amp;bg=1\" alt=\"Profile for GCNordwestschweiz\" \/><\/a><\/p>\n<p style=\"text-align: center;\">L&#8217;association GC Nordwestschweiz<br \/>\na \u00e9t\u00e9 fond\u00e9e le 06\/08\/2023.<\/p>\n<p style=\"text-align: center;\">L&#8217;association a pour objectif :<\/p>\n<p style=\"text-align: center;\">La promotion et le d\u00e9veloppement du g\u00e9ocaching.<\/p>\n<p style=\"text-align: center;\">La formation et la motivation de la rel\u00e8ve.<\/p>\n<p style=\"text-align: center;\">Le maintien d&#8217;une bonne camaraderie.<\/p>\n<p style=\"text-align: center;\">La dynamisation de la vie culturelle et sociale.<\/p>\n","protected":false},"excerpt":{"rendered":"<p>Deutsch \u00a0GC Nordwestschweiz Der Verein GC Nordwestschweiz wurde am 06.08.2023 gegr\u00fcndet. Der Verein bezweckt: Die Pflege und F\u00f6rderung des Geocaching Die Heranbildung und Motivation des Nachwuchses Die Erhaltung einer guten Kameradschaft Die Belebung des kulturellen und gesellschaftlichen Lebens English \u00a0GC Nordwestschweiz The GC Northwest Switzerland Association was founded on August 6, 2023. The association&#8217;s objectives [&hellip;]<\/p>\n","protected":false},"author":1,"featured_media":0,"parent":59,"menu_order":0,"comment_status":"closed","ping_status":"closed","template":"","meta":{"footnotes":""},"class_list":["post-81","page","type-page","status-publish","hentry"],"_links":{"self":[{"href":"https:\/\/gr\u00fcezi-schwiiz.ch\/index.php?rest_route=\/wp\/v2\/pages\/81","targetHints":{"allow":["GET"]}}],"collection":[{"href":"https:\/\/gr\u00fcezi-schwiiz.ch\/index.php?rest_route=\/wp\/v2\/pages"}],"about":[{"href":"https:\/\/gr\u00fcezi-schwiiz.ch\/index.php?rest_route=\/wp\/v2\/types\/page"}],"author":[{"embeddable":true,"href":"https:\/\/gr\u00fcezi-schwiiz.ch\/index.php?rest_route=\/wp\/v2\/users\/1"}],"replies":[{"embeddable":true,"href":"https:\/\/gr\u00fcezi-schwiiz.ch\/index.php?rest_route=%2Fwp%2Fv2%2Fcomments&post=81"}],"version-history":[{"count":7,"href":"https:\/\/gr\u00fcezi-schwiiz.ch\/index.php?rest_route=\/wp\/v2\/pages\/81\/revisions"}],"predecessor-version":[{"id":553,"href":"https:\/\/gr\u00fcezi-schwiiz.ch\/index.php?rest_route=\/wp\/v2\/pages\/81\/revisions\/553"}],"up":[{"embeddable":true,"href":"https:\/\/gr\u00fcezi-schwiiz.ch\/index.php?rest_route=\/wp\/v2\/pages\/59"}],"wp:attachment":[{"href":"https:\/\/gr\u00fcezi-schwiiz.ch\/index.php?rest_route=%2Fwp%2Fv2%2Fmedia&parent=81"}],"curies":[{"name":"wp","href":"https:\/\/api.w.org\/{rel}","templated":true}]}}